{"id":1667,"date":"2023-02-17T16:56:45","date_gmt":"2023-02-17T16:56:45","guid":{"rendered":"https:\/\/frenchclassesonlinevoila.com\/?page_id=1667"},"modified":"2024-07-03T15:27:36","modified_gmt":"2024-07-03T15:27:36","slug":"tcf-canadian-visa","status":"publish","type":"page","link":"https:\/\/frenchclassesonlinevoila.com\/es\/tcf-canadian-visa\/","title":{"rendered":"TCF"},"content":{"rendered":"<p>[et_pb_section fb_built=&#8221;1&#8243; _builder_version=&#8221;4.26.0&#8243; _module_preset=&#8221;default&#8221; background_color=&#8221;#fafafc&#8221; hover_enabled=&#8221;0&#8243; global_colors_info=&#8221;{}&#8221; title_text=&#8221;3&#8243; background_image=&#8221;https:\/\/frenchclassesonlinevoila.com\/wp-content\/uploads\/2024\/07\/3-2.png&#8221; sticky_enabled=&#8221;0&#8243; min_height=&#8221;900px&#8221;][et_pb_row column_structure=&#8221;1_2,1_2&#8243; use_custom_gutter=&#8221;on&#8221; _builder_version=&#8221;4.19.5&#8243; _module_preset=&#8221;default&#8221; background_enable_image=&#8221;off&#8221; width=&#8221;90%&#8221; max_width=&#8221;1270px&#8221; global_colors_info=&#8221;{}&#8221;][et_pb_column type=&#8221;1_2&#8243; _builder_version=&#8221;4.19.5&#8243; _module_preset=&#8221;default&#8221; custom_padding=&#8221;12%||||false|false&#8221; custom_padding_tablet=&#8221;0%||||false|false&#8221; custom_padding_phone=&#8221;0%||||false|false&#8221; custom_padding_last_edited=&#8221;on|tablet&#8221; global_colors_info=&#8221;{}&#8221;][et_pb_text _builder_version=&#8221;4.26.0&#8243; _module_preset=&#8221;default&#8221; header_font=&#8221;Inter|900|||||||&#8221; header_text_color=&#8221;#FFFFFF&#8221; header_font_size=&#8221;60px&#8221; header_line_height=&#8221;1.3em&#8221; custom_margin=&#8221;||16px|||&#8221; hover_enabled=&#8221;0&#8243; header_font_size_tablet=&#8221;45px&#8221; header_font_size_phone=&#8221;35px&#8221; header_font_size_last_edited=&#8221;on|phone&#8221; global_colors_info=&#8221;{}&#8221; sticky_enabled=&#8221;0&#8243;]<\/p>\n<h1>Clases de preparaci\u00f3n para el TCF<\/h1>\n<p>[\/et_pb_text][et_pb_text _builder_version=&#8221;4.26.0&#8243; _module_preset=&#8221;default&#8221; text_font=&#8221;Inter Tight|300|||||||&#8221; text_font_size=&#8221;20px&#8221; text_line_height=&#8221;1.6em&#8221; custom_margin=&#8221;0px||26px||false|false&#8221; custom_padding=&#8221;0px||||false|false&#8221; hover_enabled=&#8221;0&#8243; text_font_size_tablet=&#8221;18px&#8221; text_font_size_phone=&#8221;17px&#8221; text_font_size_last_edited=&#8221;on|phone&#8221; global_colors_info=&#8221;{}&#8221; text_text_color=&#8221;#FFFFFF&#8221; sticky_enabled=&#8221;0&#8243;]<\/p>\n<div class=\"et_pb_module et_pb_text et_pb_text_1  et_pb_text_align_left et_pb_bg_layout_light\">\n<div class=\"et_pb_text_inner\">\n<p>El camino hacia el visado canadiense<\/p>\n<\/div>\n<\/div>\n<p>[\/et_pb_text][et_pb_button button_text=&#8221;Book your Free Trial&#8221; _builder_version=&#8221;4.20.0&#8243; _module_preset=&#8221;default&#8221; custom_button=&#8221;on&#8221; button_text_color=&#8221;#FFFFFF&#8221; button_bg_color=&#8221;#fe5859&#8243; button_border_radius=&#8221;30px&#8221; button_font=&#8221;Roboto Flex||||||||&#8221; custom_margin=&#8221;0px||0px||false|false&#8221; global_colors_info=&#8221;{}&#8221; button_text__hover_enabled=&#8221;off|desktop&#8221; button_text__hover=&#8221;It&#8217;s free let&#8217;s go !&#8221; button_alignment=&#8221;left&#8221; button_alignment_tablet=&#8221;center&#8221; button_alignment_phone=&#8221;center&#8221; button_alignment_last_edited=&#8221;on|tablet&#8221; button_text_size=&#8221;17px&#8221; button_use_icon=&#8221;off&#8221; custom_padding=&#8221;10px|33px|11px|33px|false|false&#8221; box_shadow_style=&#8221;preset1&#8243; box_shadow_vertical=&#8221;0px&#8221; box_shadow_blur=&#8221;30px&#8221; box_shadow_color=&#8221;rgba(0,0,0,0.07)&#8221; button_letter_spacing__hover=&#8221;0px&#8221; button_letter_spacing__hover_enabled=&#8221;on|hover&#8221;][\/et_pb_button][\/et_pb_column][et_pb_column type=&#8221;1_2&#8243; _builder_version=&#8221;4.19.5&#8243; _module_preset=&#8221;default&#8221; global_colors_info=&#8221;{}&#8221;][et_pb_image src=&#8221;https:\/\/frenchclassesonlinevoila.com\/wp-content\/uploads\/2024\/07\/CAnada.png&#8221; title_text=&#8221;CAnada&#8221; show_bottom_space=&#8221;off&#8221; align_tablet=&#8221;center&#8221; align_phone=&#8221;center&#8221; align_last_edited=&#8221;on|tablet&#8221; _builder_version=&#8221;4.26.0&#8243; _module_preset=&#8221;default&#8221; width_tablet=&#8221;90%&#8221; width_phone=&#8221;100%&#8221; width_last_edited=&#8221;on|phone&#8221; min_height_tablet=&#8221;&#8221; min_height_phone=&#8221;&#8221; min_height_last_edited=&#8221;on|tablet&#8221; hover_enabled=&#8221;0&#8243; border_radii=&#8221;on|12px|12px|12px|12px&#8221; global_colors_info=&#8221;{}&#8221; sticky_enabled=&#8221;0&#8243;][\/et_pb_image][\/et_pb_column][\/et_pb_row][\/et_pb_section][et_pb_section fb_built=&#8221;1&#8243; _builder_version=&#8221;4.19.5&#8243; _module_preset=&#8221;default&#8221; background_color=&#8221;#fafafc&#8221; custom_padding=&#8221;41px|||||&#8221; locked=&#8221;off&#8221; global_colors_info=&#8221;{}&#8221;][et_pb_row _builder_version=&#8221;4.19.5&#8243; _module_preset=&#8221;default&#8221; custom_margin=&#8221;60px||||false|false&#8221; custom_padding=&#8221;||0px||false|false&#8221; global_colors_info=&#8221;{}&#8221;][et_pb_column type=&#8221;4_4&#8243; _builder_version=&#8221;4.19.5&#8243; _module_preset=&#8221;default&#8221; global_colors_info=&#8221;{}&#8221;][et_pb_text _builder_version=&#8221;4.20.0&#8243; _module_preset=&#8221;default&#8221; header_2_font=&#8221;Inter Tight|700|||||||&#8221; header_2_text_align=&#8221;center&#8221; header_2_font_size=&#8221;50px&#8221; header_2_line_height=&#8221;1.2em&#8221; custom_margin=&#8221;||0px|||&#8221; custom_padding_tablet=&#8221;&#8221; custom_padding_phone=&#8221;&#8221; custom_padding_last_edited=&#8221;on|phone&#8221; animation_style=&#8221;bounce&#8221; header_2_font_size_tablet=&#8221;40px&#8221; header_2_font_size_phone=&#8221;30px&#8221; header_2_font_size_last_edited=&#8221;on|phone&#8221; global_colors_info=&#8221;{}&#8221;]<\/p>\n<h2><span>Prepararse para el TCF con clases de franc\u00e9s en l\u00ednea Voil\u00e0<\/span><\/h2>\n<p>[\/et_pb_text][\/et_pb_column][\/et_pb_row][et_pb_row column_structure=&#8221;1_2,1_2&#8243; _builder_version=&#8221;4.19.5&#8243; _module_preset=&#8221;default&#8221; custom_margin=&#8221;60px||||false|false&#8221; animation_direction=&#8221;bottom&#8221; global_colors_info=&#8221;{}&#8221;][et_pb_column type=&#8221;1_2&#8243; _builder_version=&#8221;4.19.5&#8243; _module_preset=&#8221;default&#8221; global_colors_info=&#8221;{}&#8221;][et_pb_image src=&#8221;https:\/\/frenchclassesonlinevoila.com\/wp-content\/uploads\/2023\/02\/logo-pirate-25.png&#8221; title_text=&#8221;logo pirate (25)&#8221; align=&#8221;center&#8221; align_tablet=&#8221;center&#8221; align_phone=&#8221;center&#8221; align_last_edited=&#8221;on|phone&#8221; _builder_version=&#8221;4.20.0&#8243; _module_preset=&#8221;default&#8221; border_radii=&#8221;on|15px|15px|15px|15px&#8221; box_shadow_style=&#8221;preset3&#8243; global_colors_info=&#8221;{}&#8221;][\/et_pb_image][\/et_pb_column][et_pb_column type=&#8221;1_2&#8243; _builder_version=&#8221;4.19.5&#8243; _module_preset=&#8221;default&#8221; custom_padding=&#8221;9%|100px|||false|false&#8221; custom_padding_tablet=&#8221;9%|100px|||false|false&#8221; custom_padding_phone=&#8221;9%|0px|||false|false&#8221; custom_padding_last_edited=&#8221;on|phone&#8221; global_colors_info=&#8221;{}&#8221;][et_pb_text _builder_version=&#8221;4.20.0&#8243; _module_preset=&#8221;default&#8221; header_3_font=&#8221;Inter Tight|600|||||||&#8221; header_3_text_color=&#8221;#4540E1&#8243; header_3_font_size=&#8221;30px&#8221; custom_margin=&#8221;||15px||false|false&#8221; custom_padding=&#8221;||0px||false|false&#8221; global_colors_info=&#8221;{}&#8221;]<\/p>\n<h3>\u00bfPor qu\u00e9 TCF?<\/h3>\n<p>[\/et_pb_text][et_pb_text _builder_version=&#8221;4.20.0&#8243; _module_preset=&#8221;default&#8221; text_font=&#8221;Inter Tight|300|||||||&#8221; text_font_size=&#8221;16px&#8221; text_line_height=&#8221;1.8em&#8221; global_colors_info=&#8221;{}&#8221;]<\/p>\n<p><span>El Test de Connaissance du Fran\u00e7ais (TCF) es una prueba de dominio del franc\u00e9s reconocida por la autoridad canadiense de inmigraci\u00f3n. El TCF eval\u00faa sus conocimientos de franc\u00e9s y mide su capacidad para comunicarse en franc\u00e9s en situaciones cotidianas. Si tiene previsto emigrar a Canad\u00e1, deber\u00e1 demostrar sus conocimientos de franc\u00e9s present\u00e1ndose al TCF.<\/span><\/p>\n<p>[\/et_pb_text][\/et_pb_column][\/et_pb_row][et_pb_row column_structure=&#8221;1_2,1_2&#8243; _builder_version=&#8221;4.19.5&#8243; _module_preset=&#8221;default&#8221; custom_margin=&#8221;60px||||false|false&#8221; global_colors_info=&#8221;{}&#8221;][et_pb_column type=&#8221;1_2&#8243; _builder_version=&#8221;4.19.5&#8243; _module_preset=&#8221;default&#8221; custom_padding=&#8221;9%|100px|||false|false&#8221; custom_padding_tablet=&#8221;9%|100px|||false|false&#8221; custom_padding_phone=&#8221;9%|0px|||false|false&#8221; custom_padding_last_edited=&#8221;on|phone&#8221; global_colors_info=&#8221;{}&#8221;][et_pb_text _builder_version=&#8221;4.20.0&#8243; _module_preset=&#8221;default&#8221; header_3_font=&#8221;Inter Tight|600|||||||&#8221; header_3_text_color=&#8221;#4540E1&#8243; header_3_font_size=&#8221;30px&#8221; custom_margin=&#8221;||15px||false|false&#8221; custom_padding=&#8221;||0px||false|false&#8221; global_colors_info=&#8221;{}&#8221;]<\/p>\n<h3>\u00bfC\u00f3mo podemos ayudarle?<\/h3>\n<p>[\/et_pb_text][et_pb_text _builder_version=&#8221;4.20.0&#8243; _module_preset=&#8221;default&#8221; text_font=&#8221;Inter Tight|300|||||||&#8221; text_font_size=&#8221;16px&#8221; text_line_height=&#8221;1.8em&#8221; global_colors_info=&#8221;{}&#8221;]<\/p>\n<p><span>En French Classes Online Voil\u00e0, ofrecemos clases de preparaci\u00f3n para el TCF para ayudarle a tener \u00e9xito en el examen y alcanzar su sue\u00f1o de mudarse a Canad\u00e1. Nuestros tutores de franc\u00e9s, experimentados y certificados, ofrecen un asesoramiento personalizado para ayudarle a mejorar sus conocimientos de franc\u00e9s y obtener mejores resultados en el examen.<\/span><\/p>\n<p>[\/et_pb_text][\/et_pb_column][et_pb_column type=&#8221;1_2&#8243; _builder_version=&#8221;4.19.5&#8243; _module_preset=&#8221;default&#8221; global_colors_info=&#8221;{}&#8221;][et_pb_image src=&#8221;https:\/\/frenchclassesonlinevoila.com\/wp-content\/uploads\/2023\/02\/logo-pirate-27.png&#8221; title_text=&#8221;logo pirate (27)&#8221; _builder_version=&#8221;4.20.0&#8243; _module_preset=&#8221;default&#8221; border_radii=&#8221;on|15px|15px|15px|15px&#8221; box_shadow_style=&#8221;preset2&#8243; global_colors_info=&#8221;{}&#8221;][\/et_pb_image][\/et_pb_column][\/et_pb_row][et_pb_row column_structure=&#8221;1_2,1_2&#8243; _builder_version=&#8221;4.19.5&#8243; _module_preset=&#8221;default&#8221; custom_margin=&#8221;60px||||false|false&#8221; global_colors_info=&#8221;{}&#8221;][et_pb_column type=&#8221;1_2&#8243; _builder_version=&#8221;4.19.5&#8243; _module_preset=&#8221;default&#8221; global_colors_info=&#8221;{}&#8221;][et_pb_image src=&#8221;https:\/\/frenchclassesonlinevoila.com\/wp-content\/uploads\/2023\/02\/logo-pirate-24.png&#8221; title_text=&#8221;logo pirate (24)&#8221; align=&#8221;center&#8221; _builder_version=&#8221;4.20.0&#8243; _module_preset=&#8221;default&#8221; border_radii=&#8221;on|15px|15px|15px|15px&#8221; box_shadow_style=&#8221;preset2&#8243; global_colors_info=&#8221;{}&#8221;][\/et_pb_image][\/et_pb_column][et_pb_column type=&#8221;1_2&#8243; _builder_version=&#8221;4.19.5&#8243; _module_preset=&#8221;default&#8221; custom_padding=&#8221;6%|0px|||false|false&#8221; global_colors_info=&#8221;{}&#8221;][et_pb_text _builder_version=&#8221;4.20.0&#8243; _module_preset=&#8221;default&#8221; header_3_font=&#8221;Inter Tight|600|||||||&#8221; header_3_text_color=&#8221;#4540E1&#8243; header_3_font_size=&#8221;30px&#8221; custom_margin=&#8221;||15px||false|false&#8221; custom_padding=&#8221;||0px||false|false&#8221; global_colors_info=&#8221;{}&#8221;]<\/p>\n<h3>Ventajas de nuestras clases de preparaci\u00f3n para el TCF<\/h3>\n<p>[\/et_pb_text][et_pb_text _builder_version=&#8221;4.20.0&#8243; _module_preset=&#8221;default&#8221; text_font=&#8221;Inter Tight|300|||||||&#8221; text_font_size=&#8221;16px&#8221; text_line_height=&#8221;1.8em&#8221; global_colors_info=&#8221;{}&#8221;]<\/p>\n<p><span>Prep\u00e1rese a fondo para el examen TCF con Clases de Franc\u00e9s Online Voil\u00e0. Nuestras clases personalizadas de preparaci\u00f3n para el TCF utilizan m\u00e9todos de ense\u00f1anza atractivos e interactivos y una gran variedad de materiales y recursos para mejorar sus conocimientos generales de franc\u00e9s y ayudarle a conseguir la puntuaci\u00f3n deseada. <\/span><\/p>\n<p><span>Con nuestras clases de preparaci\u00f3n para el TCF, tendr\u00e1 la confianza y los conocimientos necesarios para alcanzar sus objetivos en materia de inmigraci\u00f3n.<\/span><\/p>\n<p>[\/et_pb_text][\/et_pb_column][\/et_pb_row][\/et_pb_section][et_pb_section fb_built=&#8221;1&#8243; _builder_version=&#8221;4.26.0&#8243; _module_preset=&#8221;default&#8221; background_color=&#8221;#4540e1&#8243; hover_enabled=&#8221;0&#8243; global_colors_info=&#8221;{}&#8221; title_text=&#8221;Corps&#8221; background_image=&#8221;https:\/\/frenchclassesonlinevoila.com\/wp-content\/uploads\/2024\/07\/Corps-1.png&#8221; sticky_enabled=&#8221;0&#8243;][et_pb_row _builder_version=&#8221;4.19.5&#8243; _module_preset=&#8221;default&#8221; global_colors_info=&#8221;{}&#8221;][et_pb_column type=&#8221;4_4&#8243; _builder_version=&#8221;4.19.5&#8243; _module_preset=&#8221;default&#8221; global_colors_info=&#8221;{}&#8221;][et_pb_image src=&#8221;https:\/\/frenchclassesonlinevoila.com\/wp-content\/uploads\/2023\/02\/logo-pirate-12-1.png&#8221; title_text=&#8221;logo pirate (12)&#8221; _builder_version=&#8221;4.20.0&#8243; _module_preset=&#8221;default&#8221; width=&#8221;14%&#8221; width_tablet=&#8221;30%&#8221; width_phone=&#8221;50%&#8221; width_last_edited=&#8221;on|phone&#8221; module_alignment=&#8221;center&#8221; animation_style=&#8221;bounce&#8221; global_colors_info=&#8221;{}&#8221;][\/et_pb_image][et_pb_text _builder_version=&#8221;4.19.5&#8243; _module_preset=&#8221;default&#8221; header_2_font=&#8221;Inter Tight|700|||||||&#8221; header_2_text_align=&#8221;left&#8221; header_2_text_color=&#8221;#FFFFFF&#8221; header_2_font_size=&#8221;50px&#8221; custom_margin=&#8221;||0px|||&#8221; header_2_font_size_tablet=&#8221;50px&#8221; header_2_font_size_phone=&#8221;35px&#8221; header_2_font_size_last_edited=&#8221;on|phone&#8221; global_colors_info=&#8221;{}&#8221;]<\/p>\n<h2 style=\"text-align: center;\">Reserve<span>\u00a0su clase de prueba\u00a0<\/span>ahora!<\/h2>\n<p>[\/et_pb_text][et_pb_text _builder_version=&#8221;4.20.0&#8243; _module_preset=&#8221;default&#8221; text_font=&#8221;Inter Tight|300|||||||&#8221; text_text_color=&#8221;#FFFFFF&#8221; text_font_size=&#8221;19px&#8221; text_orientation=&#8221;center&#8221; width=&#8221;700px&#8221; module_alignment=&#8221;center&#8221; global_colors_info=&#8221;{}&#8221;]<\/p>\n<p><span>\u00bfEst\u00e1 listo para llevar sus conocimientos de franc\u00e9s al siguiente nivel? Matric\u00falese en las clases de franc\u00e9s online Voil\u00e0 hoy mismo y empieze a prepararse para el examen TCF con confianza. <\/span><\/p>\n<p>[\/et_pb_text][et_pb_button button_text=&#8221;I&#8217;m ready to start&#8221; button_alignment=&#8221;center&#8221; _builder_version=&#8221;4.19.5&#8243; _module_preset=&#8221;default&#8221; custom_button=&#8221;on&#8221; button_text_size=&#8221;17px&#8221; button_text_color=&#8221;#FFFFFF&#8221; button_bg_color=&#8221;#ff701e&#8221; button_border_radius=&#8221;30px&#8221; button_font=&#8221;Roboto Flex||||||||&#8221; custom_margin=&#8221;0px||0px||false|false&#8221; global_colors_info=&#8221;{}&#8221; button_alignment_tablet=&#8221;center&#8221; button_alignment_phone=&#8221;center&#8221; button_alignment_last_edited=&#8221;on|tablet&#8221; button_use_icon=&#8221;off&#8221; custom_padding=&#8221;10px|33px|11px|33px|false|false&#8221; box_shadow_style=&#8221;preset1&#8243; box_shadow_vertical=&#8221;0px&#8221; box_shadow_blur=&#8221;30px&#8221; box_shadow_color=&#8221;rgba(0,0,0,0.07)&#8221; button_letter_spacing__hover=&#8221;0px&#8221; button_letter_spacing__hover_enabled=&#8221;on|hover&#8221;][\/et_pb_button][\/et_pb_column][\/et_pb_row][\/et_pb_section][et_pb_section fb_built=&#8221;1&#8243; _builder_version=&#8221;4.20.0&#8243; _module_preset=&#8221;default&#8221; global_colors_info=&#8221;{}&#8221;][et_pb_row custom_padding_last_edited=&#8221;on|phone&#8221; _builder_version=&#8221;4.26.0&#8243; _module_preset=&#8221;default&#8221; background_color=&#8221;#4540E1&#8243; width_tablet=&#8221;&#8221; width_phone=&#8221;90%&#8221; width_last_edited=&#8221;on|phone&#8221; max_width_tablet=&#8221;&#8221; max_width_phone=&#8221;90%&#8221; max_width_last_edited=&#8221;on|phone&#8221; custom_margin=&#8221;130px||130px||false|false&#8221; custom_margin_tablet=&#8221;130px||130px||false|false&#8221; custom_margin_phone=&#8221;60px||60px||false|false&#8221; custom_margin_last_edited=&#8221;on|phone&#8221; custom_padding=&#8221;55px|50px|55px|50px|true|true&#8221; custom_padding_tablet=&#8221;55px|50px|55px|50px|true|true&#8221; custom_padding_phone=&#8221;55px|10px|55px|10px|true|true&#8221; hover_enabled=&#8221;0&#8243; border_radii=&#8221;on|12px|12px|12px|12px&#8221; box_shadow_style=&#8221;preset3&#8243; locked=&#8221;off&#8221; global_colors_info=&#8221;{}&#8221; title_text=&#8221;5&#8243; background_image=&#8221;https:\/\/frenchclassesonlinevoila.com\/wp-content\/uploads\/2024\/06\/5.png&#8221; sticky_enabled=&#8221;0&#8243;][et_pb_column type=&#8221;4_4&#8243; _builder_version=&#8221;4.19.5&#8243; _module_preset=&#8221;default&#8221; global_colors_info=&#8221;{}&#8221;][et_pb_text _builder_version=&#8221;4.20.0&#8243; _module_preset=&#8221;default&#8221; header_2_font=&#8221;Inter Tight|700|||||||&#8221; header_2_text_align=&#8221;center&#8221; header_2_text_color=&#8221;#FFFFFF&#8221; header_2_font_size=&#8221;35px&#8221; custom_margin=&#8221;||40px||false|false&#8221; animation_style=&#8221;bounce&#8221; header_2_font_size_tablet=&#8221;50px&#8221; header_2_font_size_phone=&#8221;30px&#8221; header_2_font_size_last_edited=&#8221;on|phone&#8221; header_2_line_height_tablet=&#8221;&#8221; header_2_line_height_phone=&#8221;1.2em&#8221; header_2_line_height_last_edited=&#8221;on|phone&#8221; global_colors_info=&#8221;{}&#8221;]<\/p>\n<h2><b>FAQ about the TCF and our Classes<\/b><\/h2>\n<p>[\/et_pb_text][et_pb_accordion closed_toggle_background_color=&#8221;#ebeef9&#8243; toggle_icon=&#8221;&#x50;||divi||400&#8243; icon_color=&#8221;#7D7BE0&#8243; use_icon_font_size=&#8221;on&#8221; icon_font_size=&#8221;25px&#8221; _builder_version=&#8221;4.20.0&#8243; _module_preset=&#8221;default&#8221; toggle_font=&#8221;Inter Tight|500|||||||&#8221; toggle_font_size=&#8221;20px&#8221; body_font=&#8221;Inter Tight||||||||&#8221; custom_margin=&#8221;||||false|false&#8221; custom_padding=&#8221;||||false|false&#8221; border_radii=&#8221;on|12px|12px|12px|12px&#8221; border_color_all=&#8221;#000000&#8243; global_colors_info=&#8221;{}&#8221;][et_pb_accordion_item title=&#8221;1. What is the TCF, and why is it important?&#8221; open=&#8221;on&#8221; _builder_version=&#8221;4.20.0&#8243; _module_preset=&#8221;default&#8221; custom_margin=&#8221;||15px||false|false&#8221; custom_padding=&#8221;||||false|false&#8221; global_colors_info=&#8221;{}&#8221;]<\/p>\n<p><span>El Test de Connaissance du Fran\u00e7ais (TCF) es un examen de franc\u00e9s reconocido internacionalmente que mide su capacidad para comunicarse en franc\u00e9s. Es importante porque a menudo es requerido por instituciones acad\u00e9micas, empleadores y autoridades de inmigraci\u00f3n para demostrar tu nivel de competencia en franc\u00e9s.<\/span><\/p>\n<p>[\/et_pb_accordion_item][et_pb_accordion_item title=&#8221;2. What is the format of the TCF, and how is it scored?&#8221; icon_color=&#8221;#4540E1&#8243; _builder_version=&#8221;4.20.0&#8243; _module_preset=&#8221;default&#8221; custom_margin=&#8221;||15px||false|false&#8221; custom_padding=&#8221;||||false|false&#8221; global_colors_info=&#8221;{}&#8221; open=&#8221;off&#8221;]<\/p>\n<p><span>El TCF es un examen por ordenador que eval\u00faa su capacidad para comprender el franc\u00e9s hablado y escrito, as\u00ed como su capacidad para hablar y escribir en franc\u00e9s. La prueba se divide en varias secciones, cada una de las cuales se centra en diferentes aspectos de la lengua. Se punt\u00faa en una escala que va del A1 (principiante) al C2 (avanzado).<\/span><\/p>\n<p>[\/et_pb_accordion_item][et_pb_accordion_item title=&#8221;3. Can I prepare for the TCF, and how can French Classes Online Voil\u00e0 help me?&#8221; icon_color=&#8221;#4540E1&#8243; _builder_version=&#8221;4.20.0&#8243; _module_preset=&#8221;default&#8221; custom_margin=&#8221;||15px||false|false&#8221; custom_padding=&#8221;||||false|false&#8221; global_colors_info=&#8221;{}&#8221; open=&#8221;off&#8221;]<\/p>\n<p><span>Aprender franc\u00e9s a una edad temprana permitir\u00e1 a su hijo explorar otra cultura, desarrollar una mente abierta y ampliar sus horizontes.<\/span><\/p>\n<p><span>S\u00ed, puede prepararse para el TCF, y nosotros podemos ayudarle a mejorar sus conocimientos de franc\u00e9s y a prepararse para el examen. <\/span><\/p>\n<p><span>Nuestros experimentados tutores trabajar\u00e1n contigo para identificar tus puntos fuertes y d\u00e9biles y crear un plan de estudio personalizado que te ayude a alcanzar tus objetivos.<\/span><\/p>\n<p>[\/et_pb_accordion_item][et_pb_accordion_item title=&#8221;4. What kind of materials and resources will I have access to in your TCF preparation classes?&#8221; icon_color=&#8221;#4540E1&#8243; _builder_version=&#8221;4.20.0&#8243; _module_preset=&#8221;default&#8221; custom_margin=&#8221;||15px||false|false&#8221; custom_padding=&#8221;||||false|false&#8221; global_colors_info=&#8221;{}&#8221; open=&#8221;off&#8221;]<\/p>\n<p><span>En nuestras clases de preparaci\u00f3n para el TCF, tendr\u00e1s acceso a una gran variedad de materiales y recursos, como ejemplos de preguntas de examen, ex\u00e1menes de pr\u00e1ctica y material did\u00e1ctico. Nuestros experimentados tutores tambi\u00e9n te proporcionar\u00e1n comentarios y orientaci\u00f3n personalizados para ayudarte a mejorar tus conocimientos de franc\u00e9s.<\/span><\/p>\n<p>[\/et_pb_accordion_item][et_pb_accordion_item title=&#8221;5. Can I take the TCF exam online, and how can I register for the exam?&#8221; icon_color=&#8221;#4540E1&#8243; _builder_version=&#8221;4.20.0&#8243; _module_preset=&#8221;default&#8221; custom_margin=&#8221;||15px||false|false&#8221; custom_padding=&#8221;||||false|false&#8221; global_colors_info=&#8221;{}&#8221; open=&#8221;off&#8221;]<\/p>\n<p><span>S\u00ed, puede realizar el examen TCF en l\u00ednea. Para inscribirse en el examen, deber\u00e1 visitar el sitio web de la instituci\u00f3n que administra el examen en su regi\u00f3n y seguir sus procedimientos de inscripci\u00f3n.<\/span><\/p>\n<p>[\/et_pb_accordion_item][et_pb_accordion_item title=&#8221;6. How can the TCF help me with my Canadian visa application?&#8221; icon_color=&#8221;#4540E1&#8243; _builder_version=&#8221;4.20.0&#8243; _module_preset=&#8221;default&#8221; custom_margin=&#8221;||15px||false|false&#8221; custom_padding=&#8221;||||false|false&#8221; global_colors_info=&#8221;{}&#8221; open=&#8221;off&#8221;]<\/p>\n<p><span>El TCF es uno de los ex\u00e1menes de lengua reconocidos por el gobierno canadiense a efectos de inmigraci\u00f3n. Si solicita un visado canadiense, es posible que se le exija realizar el TCF y alcanzar una puntuaci\u00f3n m\u00ednima para demostrar su dominio del franc\u00e9s. <\/span><\/p>\n<p><span>Nuestras clases de preparaci\u00f3n para el TCF pueden ayudarle a prepararse para el examen y aumentar sus posibilidades de \u00e9xito en la solicitud de visado.<\/span><\/p>\n<p>[\/et_pb_accordion_item][\/et_pb_accordion][\/et_pb_column][\/et_pb_row][\/et_pb_section]<\/p>","protected":false},"excerpt":{"rendered":"<p>TCF Preparation Classes The Path to Your Canadian Visa Preparing for the TCF with French Classes Online Voil\u00e0Why TCF?The Test de Connaissance du Fran\u00e7ais (TCF) is a French language proficiency test recognized by the Canadian immigration authority. The TCF assesses your French language skills and measures your ability to communicate in French in everyday situations. [&hellip;]<\/p>","protected":false},"author":1,"featured_media":0,"parent":0,"menu_order":0,"comment_status":"closed","ping_status":"closed","template":"","meta":{"_et_pb_use_builder":"on","_et_pb_old_content":"<!-- wp:divi\/placeholder \/-->","_et_gb_content_width":"","_mi_skip_tracking":false,"footnotes":""},"class_list":["post-1667","page","type-page","status-publish","hentry"],"_links":{"self":[{"href":"https:\/\/frenchclassesonlinevoila.com\/es\/wp-json\/wp\/v2\/pages\/1667","targetHints":{"allow":["GET"]}}],"collection":[{"href":"https:\/\/frenchclassesonlinevoila.com\/es\/wp-json\/wp\/v2\/pages"}],"about":[{"href":"https:\/\/frenchclassesonlinevoila.com\/es\/wp-json\/wp\/v2\/types\/page"}],"author":[{"embeddable":true,"href":"https:\/\/frenchclassesonlinevoila.com\/es\/wp-json\/wp\/v2\/users\/1"}],"replies":[{"embeddable":true,"href":"https:\/\/frenchclassesonlinevoila.com\/es\/wp-json\/wp\/v2\/comments?post=1667"}],"version-history":[{"count":6,"href":"https:\/\/frenchclassesonlinevoila.com\/es\/wp-json\/wp\/v2\/pages\/1667\/revisions"}],"predecessor-version":[{"id":89257,"href":"https:\/\/frenchclassesonlinevoila.com\/es\/wp-json\/wp\/v2\/pages\/1667\/revisions\/89257"}],"wp:attachment":[{"href":"https:\/\/frenchclassesonlinevoila.com\/es\/wp-json\/wp\/v2\/media?parent=1667"}],"curies":[{"name":"wp","href":"https:\/\/api.w.org\/{rel}","templated":true}]}}