{"id":1667,"date":"2023-02-17T16:56:45","date_gmt":"2023-02-17T16:56:45","guid":{"rendered":"https:\/\/frenchclassesonlinevoila.com\/?page_id=1667"},"modified":"2024-07-03T15:27:36","modified_gmt":"2024-07-03T15:27:36","slug":"tcf-canadian-visa","status":"publish","type":"page","link":"https:\/\/frenchclassesonlinevoila.com\/fr\/tcf-canadian-visa\/","title":{"rendered":"Visa canadien TCF"},"content":{"rendered":"<p>[et_pb_section fb_built=&#8221;1&#8243; _builder_version=&#8221;4.26.0&#8243; _module_preset=&#8221;default&#8221; background_color=&#8221;#fafafc&#8221; hover_enabled=&#8221;0&#8243; global_colors_info=&#8221;{}&#8221; title_text=&#8221;3&#8243; background_image=&#8221;https:\/\/frenchclassesonlinevoila.com\/wp-content\/uploads\/2024\/07\/3-2.png&#8221; sticky_enabled=&#8221;0&#8243; min_height=&#8221;900px&#8221;][et_pb_row column_structure=&#8221;1_2,1_2&#8243; use_custom_gutter=&#8221;on&#8221; _builder_version=&#8221;4.19.5&#8243; _module_preset=&#8221;default&#8221; background_enable_image=&#8221;off&#8221; width=&#8221;90%&#8221; max_width=&#8221;1270px&#8221; global_colors_info=&#8221;{}&#8221;][et_pb_column type=&#8221;1_2&#8243; _builder_version=&#8221;4.19.5&#8243; _module_preset=&#8221;default&#8221; custom_padding=&#8221;12%||||false|false&#8221; custom_padding_tablet=&#8221;0%||||false|false&#8221; custom_padding_phone=&#8221;0%||||false|false&#8221; custom_padding_last_edited=&#8221;on|tablet&#8221; global_colors_info=&#8221;{}&#8221;][et_pb_text _builder_version=&#8221;4.26.0&#8243; _module_preset=&#8221;default&#8221; header_font=&#8221;Inter|900|||||||&#8221; header_text_color=&#8221;#FFFFFF&#8221; header_font_size=&#8221;60px&#8221; header_line_height=&#8221;1.3em&#8221; custom_margin=&#8221;||16px|||&#8221; hover_enabled=&#8221;0&#8243; header_font_size_tablet=&#8221;45px&#8221; header_font_size_phone=&#8221;35px&#8221; header_font_size_last_edited=&#8221;on|phone&#8221; global_colors_info=&#8221;{}&#8221; sticky_enabled=&#8221;0&#8243;]<\/p>\n<h1>Cours de pr\u00e9paration au TCF<\/h1>\n<p>[\/et_pb_text][et_pb_text _builder_version=&#8221;4.26.0&#8243; _module_preset=&#8221;default&#8221; text_font=&#8221;Inter Tight|300|||||||&#8221; text_font_size=&#8221;20px&#8221; text_line_height=&#8221;1.6em&#8221; custom_margin=&#8221;0px||26px||false|false&#8221; custom_padding=&#8221;0px||||false|false&#8221; hover_enabled=&#8221;0&#8243; text_font_size_tablet=&#8221;18px&#8221; text_font_size_phone=&#8221;17px&#8221; text_font_size_last_edited=&#8221;on|phone&#8221; global_colors_info=&#8221;{}&#8221; text_text_color=&#8221;#FFFFFF&#8221; sticky_enabled=&#8221;0&#8243;]<\/p>\n<div class=\"et_pb_module et_pb_text et_pb_text_1  et_pb_text_align_left et_pb_bg_layout_light\">\n<div class=\"et_pb_text_inner\">\n<p>Le chemin vers votre visa canadien<\/p>\n<\/div>\n<\/div>\n<p>[\/et_pb_text][et_pb_button button_text=&#8221;Book your Free Trial&#8221; _builder_version=&#8221;4.20.0&#8243; _module_preset=&#8221;default&#8221; custom_button=&#8221;on&#8221; button_text_color=&#8221;#FFFFFF&#8221; button_bg_color=&#8221;#fe5859&#8243; button_border_radius=&#8221;30px&#8221; button_font=&#8221;Roboto Flex||||||||&#8221; custom_margin=&#8221;0px||0px||false|false&#8221; global_colors_info=&#8221;{}&#8221; button_text__hover_enabled=&#8221;off|desktop&#8221; button_text__hover=&#8221;It&#8217;s free let&#8217;s go !&#8221; button_alignment=&#8221;left&#8221; button_alignment_tablet=&#8221;center&#8221; button_alignment_phone=&#8221;center&#8221; button_alignment_last_edited=&#8221;on|tablet&#8221; button_text_size=&#8221;17px&#8221; button_use_icon=&#8221;off&#8221; custom_padding=&#8221;10px|33px|11px|33px|false|false&#8221; box_shadow_style=&#8221;preset1&#8243; box_shadow_vertical=&#8221;0px&#8221; box_shadow_blur=&#8221;30px&#8221; box_shadow_color=&#8221;rgba(0,0,0,0.07)&#8221; button_letter_spacing__hover=&#8221;0px&#8221; button_letter_spacing__hover_enabled=&#8221;on|hover&#8221;][\/et_pb_button][\/et_pb_column][et_pb_column type=&#8221;1_2&#8243; _builder_version=&#8221;4.19.5&#8243; _module_preset=&#8221;default&#8221; global_colors_info=&#8221;{}&#8221;][et_pb_image src=&#8221;https:\/\/frenchclassesonlinevoila.com\/wp-content\/uploads\/2024\/07\/CAnada.png&#8221; title_text=&#8221;CAnada&#8221; show_bottom_space=&#8221;off&#8221; align_tablet=&#8221;center&#8221; align_phone=&#8221;center&#8221; align_last_edited=&#8221;on|tablet&#8221; _builder_version=&#8221;4.26.0&#8243; _module_preset=&#8221;default&#8221; width_tablet=&#8221;90%&#8221; width_phone=&#8221;100%&#8221; width_last_edited=&#8221;on|phone&#8221; min_height_tablet=&#8221;&#8221; min_height_phone=&#8221;&#8221; min_height_last_edited=&#8221;on|tablet&#8221; hover_enabled=&#8221;0&#8243; border_radii=&#8221;on|12px|12px|12px|12px&#8221; global_colors_info=&#8221;{}&#8221; sticky_enabled=&#8221;0&#8243;][\/et_pb_image][\/et_pb_column][\/et_pb_row][\/et_pb_section][et_pb_section fb_built=&#8221;1&#8243; _builder_version=&#8221;4.19.5&#8243; _module_preset=&#8221;default&#8221; background_color=&#8221;#fafafc&#8221; custom_padding=&#8221;41px|||||&#8221; locked=&#8221;off&#8221; global_colors_info=&#8221;{}&#8221;][et_pb_row _builder_version=&#8221;4.19.5&#8243; _module_preset=&#8221;default&#8221; custom_margin=&#8221;60px||||false|false&#8221; custom_padding=&#8221;||0px||false|false&#8221; global_colors_info=&#8221;{}&#8221;][et_pb_column type=&#8221;4_4&#8243; _builder_version=&#8221;4.19.5&#8243; _module_preset=&#8221;default&#8221; global_colors_info=&#8221;{}&#8221;][et_pb_text _builder_version=&#8221;4.20.0&#8243; _module_preset=&#8221;default&#8221; header_2_font=&#8221;Inter Tight|700|||||||&#8221; header_2_text_align=&#8221;center&#8221; header_2_font_size=&#8221;50px&#8221; header_2_line_height=&#8221;1.2em&#8221; custom_margin=&#8221;||0px|||&#8221; custom_padding_tablet=&#8221;&#8221; custom_padding_phone=&#8221;&#8221; custom_padding_last_edited=&#8221;on|phone&#8221; animation_style=&#8221;bounce&#8221; header_2_font_size_tablet=&#8221;40px&#8221; header_2_font_size_phone=&#8221;30px&#8221; header_2_font_size_last_edited=&#8221;on|phone&#8221; global_colors_info=&#8221;{}&#8221;]<\/p>\n<h2><span>Se pr\u00e9parer au TCF avec les cours de fran\u00e7ais en ligne Voil\u00e0<\/span><\/h2>\n<p>[\/et_pb_text][\/et_pb_column][\/et_pb_row][et_pb_row column_structure=&#8221;1_2,1_2&#8243; _builder_version=&#8221;4.19.5&#8243; _module_preset=&#8221;default&#8221; custom_margin=&#8221;60px||||false|false&#8221; animation_direction=&#8221;bottom&#8221; global_colors_info=&#8221;{}&#8221;][et_pb_column type=&#8221;1_2&#8243; _builder_version=&#8221;4.19.5&#8243; _module_preset=&#8221;default&#8221; global_colors_info=&#8221;{}&#8221;][et_pb_image src=&#8221;https:\/\/frenchclassesonlinevoila.com\/wp-content\/uploads\/2023\/02\/logo-pirate-25.png&#8221; title_text=&#8221;logo pirate (25)&#8221; align=&#8221;center&#8221; align_tablet=&#8221;center&#8221; align_phone=&#8221;center&#8221; align_last_edited=&#8221;on|phone&#8221; _builder_version=&#8221;4.20.0&#8243; _module_preset=&#8221;default&#8221; border_radii=&#8221;on|15px|15px|15px|15px&#8221; box_shadow_style=&#8221;preset3&#8243; global_colors_info=&#8221;{}&#8221;][\/et_pb_image][\/et_pb_column][et_pb_column type=&#8221;1_2&#8243; _builder_version=&#8221;4.19.5&#8243; _module_preset=&#8221;default&#8221; custom_padding=&#8221;9%|100px|||false|false&#8221; custom_padding_tablet=&#8221;9%|100px|||false|false&#8221; custom_padding_phone=&#8221;9%|0px|||false|false&#8221; custom_padding_last_edited=&#8221;on|phone&#8221; global_colors_info=&#8221;{}&#8221;][et_pb_text _builder_version=&#8221;4.20.0&#8243; _module_preset=&#8221;default&#8221; header_3_font=&#8221;Inter Tight|600|||||||&#8221; header_3_text_color=&#8221;#4540E1&#8243; header_3_font_size=&#8221;30px&#8221; custom_margin=&#8221;||15px||false|false&#8221; custom_padding=&#8221;||0px||false|false&#8221; global_colors_info=&#8221;{}&#8221;]<\/p>\n<h3>Pourquoi TCF ?<\/h3>\n<p>[\/et_pb_text][et_pb_text _builder_version=&#8221;4.20.0&#8243; _module_preset=&#8221;default&#8221; text_font=&#8221;Inter Tight|300|||||||&#8221; text_font_size=&#8221;16px&#8221; text_line_height=&#8221;1.8em&#8221; global_colors_info=&#8221;{}&#8221;]<\/p>\n<p><span>Le Test de Connaissance du Fran\u00e7ais (TCF) est un test de comp\u00e9tence en langue fran\u00e7aise reconnu par les autorit\u00e9s canadiennes de l'immigration. Le TCF \u00e9value vos comp\u00e9tences en fran\u00e7ais et mesure votre capacit\u00e9 \u00e0 communiquer en fran\u00e7ais dans des situations de la vie courante. Si vous envisagez d'immigrer au Canada, vous devez prouver votre ma\u00eetrise de la langue fran\u00e7aise en passant le TCF.<\/span><\/p>\n<p>[\/et_pb_text][\/et_pb_column][\/et_pb_row][et_pb_row column_structure=&#8221;1_2,1_2&#8243; _builder_version=&#8221;4.19.5&#8243; _module_preset=&#8221;default&#8221; custom_margin=&#8221;60px||||false|false&#8221; global_colors_info=&#8221;{}&#8221;][et_pb_column type=&#8221;1_2&#8243; _builder_version=&#8221;4.19.5&#8243; _module_preset=&#8221;default&#8221; custom_padding=&#8221;9%|100px|||false|false&#8221; custom_padding_tablet=&#8221;9%|100px|||false|false&#8221; custom_padding_phone=&#8221;9%|0px|||false|false&#8221; custom_padding_last_edited=&#8221;on|phone&#8221; global_colors_info=&#8221;{}&#8221;][et_pb_text _builder_version=&#8221;4.20.0&#8243; _module_preset=&#8221;default&#8221; header_3_font=&#8221;Inter Tight|600|||||||&#8221; header_3_text_color=&#8221;#4540E1&#8243; header_3_font_size=&#8221;30px&#8221; custom_margin=&#8221;||15px||false|false&#8221; custom_padding=&#8221;||0px||false|false&#8221; global_colors_info=&#8221;{}&#8221;]<\/p>\n<h3>Comment pouvons-nous vous aider ?<\/h3>\n<p>[\/et_pb_text][et_pb_text _builder_version=&#8221;4.20.0&#8243; _module_preset=&#8221;default&#8221; text_font=&#8221;Inter Tight|300|||||||&#8221; text_font_size=&#8221;16px&#8221; text_line_height=&#8221;1.8em&#8221; global_colors_info=&#8221;{}&#8221;]<\/p>\n<p><span>Chez French Classes Online Voil\u00e0, nous proposons des cours de pr\u00e9paration au TCF pour vous aider \u00e0 r\u00e9ussir le test et \u00e0 r\u00e9aliser votre r\u00eave de partir au Canada. Nos tuteurs exp\u00e9riment\u00e9s et certifi\u00e9s en langue fran\u00e7aise fournissent un coaching personnalis\u00e9 pour vous aider \u00e0 am\u00e9liorer vos comp\u00e9tences en langue fran\u00e7aise et \u00e0 mieux r\u00e9ussir le test.<\/span><\/p>\n<p>[\/et_pb_text][\/et_pb_column][et_pb_column type=&#8221;1_2&#8243; _builder_version=&#8221;4.19.5&#8243; _module_preset=&#8221;default&#8221; global_colors_info=&#8221;{}&#8221;][et_pb_image src=&#8221;https:\/\/frenchclassesonlinevoila.com\/wp-content\/uploads\/2023\/02\/logo-pirate-27.png&#8221; title_text=&#8221;logo pirate (27)&#8221; _builder_version=&#8221;4.20.0&#8243; _module_preset=&#8221;default&#8221; border_radii=&#8221;on|15px|15px|15px|15px&#8221; box_shadow_style=&#8221;preset2&#8243; global_colors_info=&#8221;{}&#8221;][\/et_pb_image][\/et_pb_column][\/et_pb_row][et_pb_row column_structure=&#8221;1_2,1_2&#8243; _builder_version=&#8221;4.19.5&#8243; _module_preset=&#8221;default&#8221; custom_margin=&#8221;60px||||false|false&#8221; global_colors_info=&#8221;{}&#8221;][et_pb_column type=&#8221;1_2&#8243; _builder_version=&#8221;4.19.5&#8243; _module_preset=&#8221;default&#8221; global_colors_info=&#8221;{}&#8221;][et_pb_image src=&#8221;https:\/\/frenchclassesonlinevoila.com\/wp-content\/uploads\/2023\/02\/logo-pirate-24.png&#8221; title_text=&#8221;logo pirate (24)&#8221; align=&#8221;center&#8221; _builder_version=&#8221;4.20.0&#8243; _module_preset=&#8221;default&#8221; border_radii=&#8221;on|15px|15px|15px|15px&#8221; box_shadow_style=&#8221;preset2&#8243; global_colors_info=&#8221;{}&#8221;][\/et_pb_image][\/et_pb_column][et_pb_column type=&#8221;1_2&#8243; _builder_version=&#8221;4.19.5&#8243; _module_preset=&#8221;default&#8221; custom_padding=&#8221;6%|0px|||false|false&#8221; global_colors_info=&#8221;{}&#8221;][et_pb_text _builder_version=&#8221;4.20.0&#8243; _module_preset=&#8221;default&#8221; header_3_font=&#8221;Inter Tight|600|||||||&#8221; header_3_text_color=&#8221;#4540E1&#8243; header_3_font_size=&#8221;30px&#8221; custom_margin=&#8221;||15px||false|false&#8221; custom_padding=&#8221;||0px||false|false&#8221; global_colors_info=&#8221;{}&#8221;]<\/p>\n<h3>Les avantages de nos cours de pr\u00e9paration au TCF<\/h3>\n<p>[\/et_pb_text][et_pb_text _builder_version=&#8221;4.20.0&#8243; _module_preset=&#8221;default&#8221; text_font=&#8221;Inter Tight|300|||||||&#8221; text_font_size=&#8221;16px&#8221; text_line_height=&#8221;1.8em&#8221; global_colors_info=&#8221;{}&#8221;]<\/p>\n<p><span>Pr\u00e9parez-vous pleinement \u00e0 l'examen du TCF avec les cours de fran\u00e7ais en ligne Voil\u00e0. Nos cours personnalis\u00e9s de pr\u00e9paration au TCF utilisent des m\u00e9thodes d'enseignement interactives et attrayantes ainsi qu'une vari\u00e9t\u00e9 de mat\u00e9riel et de ressources pour am\u00e9liorer vos comp\u00e9tences globales en fran\u00e7ais et vous aider \u00e0 atteindre les r\u00e9sultats souhait\u00e9s. <\/span><\/p>\n<p><span>Gr\u00e2ce \u00e0 nos cours de pr\u00e9paration au TCF, vous aurez la confiance et les comp\u00e9tences n\u00e9cessaires pour atteindre vos objectifs en mati\u00e8re d'immigration.<\/span><\/p>\n<p>[\/et_pb_text][\/et_pb_column][\/et_pb_row][\/et_pb_section][et_pb_section fb_built=&#8221;1&#8243; _builder_version=&#8221;4.26.0&#8243; _module_preset=&#8221;default&#8221; background_color=&#8221;#4540e1&#8243; hover_enabled=&#8221;0&#8243; global_colors_info=&#8221;{}&#8221; title_text=&#8221;Corps&#8221; background_image=&#8221;https:\/\/frenchclassesonlinevoila.com\/wp-content\/uploads\/2024\/07\/Corps-1.png&#8221; sticky_enabled=&#8221;0&#8243;][et_pb_row _builder_version=&#8221;4.19.5&#8243; _module_preset=&#8221;default&#8221; global_colors_info=&#8221;{}&#8221;][et_pb_column type=&#8221;4_4&#8243; _builder_version=&#8221;4.19.5&#8243; _module_preset=&#8221;default&#8221; global_colors_info=&#8221;{}&#8221;][et_pb_image src=&#8221;https:\/\/frenchclassesonlinevoila.com\/wp-content\/uploads\/2023\/02\/logo-pirate-12-1.png&#8221; title_text=&#8221;logo pirate (12)&#8221; _builder_version=&#8221;4.20.0&#8243; _module_preset=&#8221;default&#8221; width=&#8221;14%&#8221; width_tablet=&#8221;30%&#8221; width_phone=&#8221;50%&#8221; width_last_edited=&#8221;on|phone&#8221; module_alignment=&#8221;center&#8221; animation_style=&#8221;bounce&#8221; global_colors_info=&#8221;{}&#8221;][\/et_pb_image][et_pb_text _builder_version=&#8221;4.19.5&#8243; _module_preset=&#8221;default&#8221; header_2_font=&#8221;Inter Tight|700|||||||&#8221; header_2_text_align=&#8221;left&#8221; header_2_text_color=&#8221;#FFFFFF&#8221; header_2_font_size=&#8221;50px&#8221; custom_margin=&#8221;||0px|||&#8221; header_2_font_size_tablet=&#8221;50px&#8221; header_2_font_size_phone=&#8221;35px&#8221; header_2_font_size_last_edited=&#8221;on|phone&#8221; global_colors_info=&#8221;{}&#8221;]<\/p>\n<h2 style=\"text-align: center;\">R\u00e9servez<span>\u00a0votre classe d'essai\u00a0<\/span>d\u00e8s maintenant !<\/h2>\n<p>[\/et_pb_text][et_pb_text _builder_version=&#8221;4.20.0&#8243; _module_preset=&#8221;default&#8221; text_font=&#8221;Inter Tight|300|||||||&#8221; text_text_color=&#8221;#FFFFFF&#8221; text_font_size=&#8221;19px&#8221; text_orientation=&#8221;center&#8221; width=&#8221;700px&#8221; module_alignment=&#8221;center&#8221; global_colors_info=&#8221;{}&#8221;]<\/p>\n<p><span>\u00cates-vous pr\u00eat \u00e0 passer \u00e0 la vitesse sup\u00e9rieure en ce qui concerne vos comp\u00e9tences en fran\u00e7ais ? Inscrivez-vous aux cours de fran\u00e7ais en ligne Voil\u00e0 d\u00e8s aujourd'hui et commencez \u00e0 pr\u00e9parer l'examen DELF en toute confiance. <\/span><\/p>\n<p>[\/et_pb_text][et_pb_button button_text=&#8221;I&#8217;m ready to start&#8221; button_alignment=&#8221;center&#8221; _builder_version=&#8221;4.19.5&#8243; _module_preset=&#8221;default&#8221; custom_button=&#8221;on&#8221; button_text_size=&#8221;17px&#8221; button_text_color=&#8221;#FFFFFF&#8221; button_bg_color=&#8221;#ff701e&#8221; button_border_radius=&#8221;30px&#8221; button_font=&#8221;Roboto Flex||||||||&#8221; custom_margin=&#8221;0px||0px||false|false&#8221; global_colors_info=&#8221;{}&#8221; button_alignment_tablet=&#8221;center&#8221; button_alignment_phone=&#8221;center&#8221; button_alignment_last_edited=&#8221;on|tablet&#8221; button_use_icon=&#8221;off&#8221; custom_padding=&#8221;10px|33px|11px|33px|false|false&#8221; box_shadow_style=&#8221;preset1&#8243; box_shadow_vertical=&#8221;0px&#8221; box_shadow_blur=&#8221;30px&#8221; box_shadow_color=&#8221;rgba(0,0,0,0.07)&#8221; button_letter_spacing__hover=&#8221;0px&#8221; button_letter_spacing__hover_enabled=&#8221;on|hover&#8221;][\/et_pb_button][\/et_pb_column][\/et_pb_row][\/et_pb_section][et_pb_section fb_built=&#8221;1&#8243; _builder_version=&#8221;4.20.0&#8243; _module_preset=&#8221;default&#8221; global_colors_info=&#8221;{}&#8221;][et_pb_row custom_padding_last_edited=&#8221;on|phone&#8221; _builder_version=&#8221;4.26.0&#8243; _module_preset=&#8221;default&#8221; background_color=&#8221;#4540E1&#8243; width_tablet=&#8221;&#8221; width_phone=&#8221;90%&#8221; width_last_edited=&#8221;on|phone&#8221; max_width_tablet=&#8221;&#8221; max_width_phone=&#8221;90%&#8221; max_width_last_edited=&#8221;on|phone&#8221; custom_margin=&#8221;130px||130px||false|false&#8221; custom_margin_tablet=&#8221;130px||130px||false|false&#8221; custom_margin_phone=&#8221;60px||60px||false|false&#8221; custom_margin_last_edited=&#8221;on|phone&#8221; custom_padding=&#8221;55px|50px|55px|50px|true|true&#8221; custom_padding_tablet=&#8221;55px|50px|55px|50px|true|true&#8221; custom_padding_phone=&#8221;55px|10px|55px|10px|true|true&#8221; hover_enabled=&#8221;0&#8243; border_radii=&#8221;on|12px|12px|12px|12px&#8221; box_shadow_style=&#8221;preset3&#8243; locked=&#8221;off&#8221; global_colors_info=&#8221;{}&#8221; title_text=&#8221;5&#8243; background_image=&#8221;https:\/\/frenchclassesonlinevoila.com\/wp-content\/uploads\/2024\/06\/5.png&#8221; sticky_enabled=&#8221;0&#8243;][et_pb_column type=&#8221;4_4&#8243; _builder_version=&#8221;4.19.5&#8243; _module_preset=&#8221;default&#8221; global_colors_info=&#8221;{}&#8221;][et_pb_text _builder_version=&#8221;4.20.0&#8243; _module_preset=&#8221;default&#8221; header_2_font=&#8221;Inter Tight|700|||||||&#8221; header_2_text_align=&#8221;center&#8221; header_2_text_color=&#8221;#FFFFFF&#8221; header_2_font_size=&#8221;35px&#8221; custom_margin=&#8221;||40px||false|false&#8221; animation_style=&#8221;bounce&#8221; header_2_font_size_tablet=&#8221;50px&#8221; header_2_font_size_phone=&#8221;30px&#8221; header_2_font_size_last_edited=&#8221;on|phone&#8221; header_2_line_height_tablet=&#8221;&#8221; header_2_line_height_phone=&#8221;1.2em&#8221; header_2_line_height_last_edited=&#8221;on|phone&#8221; global_colors_info=&#8221;{}&#8221;]<\/p>\n<h2><b>FAQ sur le TCF et nos cours<\/b><\/h2>\n<p>[\/et_pb_text][et_pb_accordion closed_toggle_background_color=&#8221;#ebeef9&#8243; toggle_icon=&#8221;&#x50;||divi||400&#8243; icon_color=&#8221;#7D7BE0&#8243; use_icon_font_size=&#8221;on&#8221; icon_font_size=&#8221;25px&#8221; _builder_version=&#8221;4.20.0&#8243; _module_preset=&#8221;default&#8221; toggle_font=&#8221;Inter Tight|500|||||||&#8221; toggle_font_size=&#8221;20px&#8221; body_font=&#8221;Inter Tight||||||||&#8221; custom_margin=&#8221;||||false|false&#8221; custom_padding=&#8221;||||false|false&#8221; border_radii=&#8221;on|12px|12px|12px|12px&#8221; border_color_all=&#8221;#000000&#8243; global_colors_info=&#8221;{}&#8221;][et_pb_accordion_item title=&#8221;1. What is the TCF, and why is it important?&#8221; open=&#8221;on&#8221; _builder_version=&#8221;4.20.0&#8243; _module_preset=&#8221;default&#8221; custom_margin=&#8221;||15px||false|false&#8221; custom_padding=&#8221;||||false|false&#8221; global_colors_info=&#8221;{}&#8221;]<\/p>\n<p><span>Le Test de Connaissance du Fran\u00e7ais (TCF) est un test de comp\u00e9tence en langue fran\u00e7aise internationalement reconnu qui mesure votre capacit\u00e9 \u00e0 communiquer en fran\u00e7ais. Il est important parce qu'il est souvent exig\u00e9 par les institutions acad\u00e9miques, les employeurs et les autorit\u00e9s d'immigration pour d\u00e9montrer votre niveau de ma\u00eetrise du fran\u00e7ais.<\/span><\/p>\n<p>[\/et_pb_accordion_item][et_pb_accordion_item title=&#8221;2. What is the format of the TCF, and how is it scored?&#8221; icon_color=&#8221;#4540E1&#8243; _builder_version=&#8221;4.20.0&#8243; _module_preset=&#8221;default&#8221; custom_margin=&#8221;||15px||false|false&#8221; custom_padding=&#8221;||||false|false&#8221; global_colors_info=&#8221;{}&#8221; open=&#8221;off&#8221;]<\/p>\n<p><span>Le TCF est un test informatis\u00e9 qui \u00e9value votre capacit\u00e9 \u00e0 comprendre le fran\u00e7ais parl\u00e9 et \u00e9crit, ainsi que votre capacit\u00e9 \u00e0 parler et \u00e0 \u00e9crire en fran\u00e7ais. Le test est divis\u00e9 en plusieurs sections, chacune portant sur des aspects diff\u00e9rents de la langue. Le test est not\u00e9 sur une \u00e9chelle allant de A1 (d\u00e9butant) \u00e0 C2 (avanc\u00e9).<\/span><\/p>\n<p>[\/et_pb_accordion_item][et_pb_accordion_item title=&#8221;3. Can I prepare for the TCF, and how can French Classes Online Voil\u00e0 help me?&#8221; icon_color=&#8221;#4540E1&#8243; _builder_version=&#8221;4.20.0&#8243; _module_preset=&#8221;default&#8221; custom_margin=&#8221;||15px||false|false&#8221; custom_padding=&#8221;||||false|false&#8221; global_colors_info=&#8221;{}&#8221; open=&#8221;off&#8221;]<\/p>\n<p><span>Apprendre le fran\u00e7ais d\u00e8s le plus jeune \u00e2ge permettra \u00e0 votre enfant d'explorer une autre culture, de d\u00e9velopper une ouverture d'esprit et d'\u00e9largir ses horizons.<\/span><\/p>\n<p><span>Oui, vous pouvez vous pr\u00e9parer au TCF, et nous pouvons vous aider \u00e0 am\u00e9liorer vos comp\u00e9tences en fran\u00e7ais et \u00e0 vous pr\u00e9parer au test. <\/span><\/p>\n<p><span>Nos tuteurs exp\u00e9riment\u00e9s travailleront avec vous pour identifier vos forces et vos faiblesses et cr\u00e9er un plan d'\u00e9tude personnalis\u00e9 qui vous aidera \u00e0 atteindre vos objectifs.<\/span><\/p>\n<p>[\/et_pb_accordion_item][et_pb_accordion_item title=&#8221;4. What kind of materials and resources will I have access to in your TCF preparation classes?&#8221; icon_color=&#8221;#4540E1&#8243; _builder_version=&#8221;4.20.0&#8243; _module_preset=&#8221;default&#8221; custom_margin=&#8221;||15px||false|false&#8221; custom_padding=&#8221;||||false|false&#8221; global_colors_info=&#8221;{}&#8221; open=&#8221;off&#8221;]<\/p>\n<p><span>Dans nos classes de pr\u00e9paration au TCF, vous aurez acc\u00e8s \u00e0 une vari\u00e9t\u00e9 de mat\u00e9riel et de ressources, y compris des exemples de questions de test, des examens d'entra\u00eenement et du mat\u00e9riel p\u00e9dagogique. Nos tuteurs exp\u00e9riment\u00e9s vous fourniront \u00e9galement des commentaires et des conseils personnalis\u00e9s pour vous aider \u00e0 am\u00e9liorer vos comp\u00e9tences en fran\u00e7ais.<\/span><\/p>\n<p>[\/et_pb_accordion_item][et_pb_accordion_item title=&#8221;5. Can I take the TCF exam online, and how can I register for the exam?&#8221; icon_color=&#8221;#4540E1&#8243; _builder_version=&#8221;4.20.0&#8243; _module_preset=&#8221;default&#8221; custom_margin=&#8221;||15px||false|false&#8221; custom_padding=&#8221;||||false|false&#8221; global_colors_info=&#8221;{}&#8221; open=&#8221;off&#8221;]<\/p>\n<p><span>Oui, vous pouvez passer l'examen du TCF en ligne. Pour vous inscrire \u00e0 l'examen, vous devrez visiter le site web de l'institution qui administre l'examen dans votre r\u00e9gion et suivre leurs proc\u00e9dures d'inscription.<\/span><\/p>\n<p>[\/et_pb_accordion_item][et_pb_accordion_item title=&#8221;6. How can the TCF help me with my Canadian visa application?&#8221; icon_color=&#8221;#4540E1&#8243; _builder_version=&#8221;4.20.0&#8243; _module_preset=&#8221;default&#8221; custom_margin=&#8221;||15px||false|false&#8221; custom_padding=&#8221;||||false|false&#8221; global_colors_info=&#8221;{}&#8221; open=&#8221;off&#8221;]<\/p>\n<p><span>Le TCF est l'un des tests linguistiques reconnus par le gouvernement canadien \u00e0 des fins d'immigration. Si vous demandez un visa canadien, il se peut que l'on vous demande de passer le TCF et d'obtenir un score minimum pour d\u00e9montrer votre ma\u00eetrise de la langue fran\u00e7aise. <\/span><\/p>\n<p><span>Nos cours de pr\u00e9paration au TCF peuvent vous aider \u00e0 vous pr\u00e9parer \u00e0 l'examen et \u00e0 augmenter vos chances d'obtenir un visa.<\/span><\/p>\n<p>[\/et_pb_accordion_item][\/et_pb_accordion][\/et_pb_column][\/et_pb_row][\/et_pb_section]<\/p>","protected":false},"excerpt":{"rendered":"<p>TCF Preparation Classes The Path to Your Canadian Visa Preparing for the TCF with French Classes Online Voil\u00e0Why TCF?The Test de Connaissance du Fran\u00e7ais (TCF) is a French language proficiency test recognized by the Canadian immigration authority. The TCF assesses your French language skills and measures your ability to communicate in French in everyday situations. [&hellip;]<\/p>","protected":false},"author":1,"featured_media":0,"parent":0,"menu_order":0,"comment_status":"closed","ping_status":"closed","template":"","meta":{"_et_pb_use_builder":"on","_et_pb_old_content":"<!-- wp:divi\/placeholder \/-->","_et_gb_content_width":"","_mi_skip_tracking":false,"footnotes":""},"class_list":["post-1667","page","type-page","status-publish","hentry"],"_links":{"self":[{"href":"https:\/\/frenchclassesonlinevoila.com\/fr\/wp-json\/wp\/v2\/pages\/1667","targetHints":{"allow":["GET"]}}],"collection":[{"href":"https:\/\/frenchclassesonlinevoila.com\/fr\/wp-json\/wp\/v2\/pages"}],"about":[{"href":"https:\/\/frenchclassesonlinevoila.com\/fr\/wp-json\/wp\/v2\/types\/page"}],"author":[{"embeddable":true,"href":"https:\/\/frenchclassesonlinevoila.com\/fr\/wp-json\/wp\/v2\/users\/1"}],"replies":[{"embeddable":true,"href":"https:\/\/frenchclassesonlinevoila.com\/fr\/wp-json\/wp\/v2\/comments?post=1667"}],"version-history":[{"count":6,"href":"https:\/\/frenchclassesonlinevoila.com\/fr\/wp-json\/wp\/v2\/pages\/1667\/revisions"}],"predecessor-version":[{"id":89257,"href":"https:\/\/frenchclassesonlinevoila.com\/fr\/wp-json\/wp\/v2\/pages\/1667\/revisions\/89257"}],"wp:attachment":[{"href":"https:\/\/frenchclassesonlinevoila.com\/fr\/wp-json\/wp\/v2\/media?parent=1667"}],"curies":[{"name":"wp","href":"https:\/\/api.w.org\/{rel}","templated":true}]}}