{"id":1670,"date":"2023-02-17T16:51:51","date_gmt":"2023-02-17T16:51:51","guid":{"rendered":"https:\/\/frenchclassesonlinevoila.com\/?page_id=1670"},"modified":"2024-07-03T15:18:45","modified_gmt":"2024-07-03T15:18:45","slug":"school-curriculum","status":"publish","type":"page","link":"https:\/\/frenchclassesonlinevoila.com\/fr\/school-curriculum\/","title":{"rendered":"Programme scolaire"},"content":{"rendered":"<p>[et_pb_section fb_built=&#8221;1&#8243; _builder_version=&#8221;4.26.0&#8243; _module_preset=&#8221;default&#8221; background_color=&#8221;#fafafc&#8221; hover_enabled=&#8221;0&#8243; global_colors_info=&#8221;{}&#8221; title_text=&#8221;4&#8243; background_image=&#8221;https:\/\/frenchclassesonlinevoila.com\/wp-content\/uploads\/2024\/07\/4-1.png&#8221; sticky_enabled=&#8221;0&#8243; min_height=&#8221;900px&#8221;][et_pb_row column_structure=&#8221;1_2,1_2&#8243; use_custom_gutter=&#8221;on&#8221; _builder_version=&#8221;4.19.5&#8243; _module_preset=&#8221;default&#8221; background_enable_image=&#8221;off&#8221; width=&#8221;90%&#8221; max_width=&#8221;1270px&#8221; global_colors_info=&#8221;{}&#8221;][et_pb_column type=&#8221;1_2&#8243; _builder_version=&#8221;4.19.5&#8243; _module_preset=&#8221;default&#8221; custom_padding=&#8221;12%||||false|false&#8221; custom_padding_tablet=&#8221;0%||||false|false&#8221; custom_padding_phone=&#8221;0%||||false|false&#8221; custom_padding_last_edited=&#8221;on|tablet&#8221; global_colors_info=&#8221;{}&#8221;][et_pb_text _builder_version=&#8221;4.26.0&#8243; _module_preset=&#8221;default&#8221; header_font=&#8221;Inter|900|||||||&#8221; header_text_color=&#8221;#FFFFFF&#8221; header_font_size=&#8221;60px&#8221; header_line_height=&#8221;1.3em&#8221; custom_margin=&#8221;-36px||16px|||&#8221; hover_enabled=&#8221;0&#8243; header_font_size_tablet=&#8221;45px&#8221; header_font_size_phone=&#8221;35px&#8221; header_font_size_last_edited=&#8221;on|phone&#8221; global_colors_info=&#8221;{}&#8221; sticky_enabled=&#8221;0&#8243;]<\/p>\n<h1><span>Tutorat de fran\u00e7ais et soutien scolaire<\/span><\/h1>\n<p>[\/et_pb_text][et_pb_text _builder_version=&#8221;4.26.0&#8243; _module_preset=&#8221;default&#8221; text_font=&#8221;Inter Tight||||||||&#8221; text_font_size=&#8221;20px&#8221; text_line_height=&#8221;1.6em&#8221; custom_margin=&#8221;0px||26px||false|false&#8221; custom_padding=&#8221;0px||||false|false&#8221; hover_enabled=&#8221;0&#8243; text_font_size_tablet=&#8221;18px&#8221; text_font_size_phone=&#8221;17px&#8221; text_font_size_last_edited=&#8221;on|phone&#8221; global_colors_info=&#8221;{}&#8221; text_text_color=&#8221;#FFFFFF&#8221; sticky_enabled=&#8221;0&#8243;]<\/p>\n<div class=\"et_pb_module et_pb_text et_pb_text_1  et_pb_text_align_left et_pb_bg_layout_light\">\n<div class=\"et_pb_text_inner\">\n<p><span>Vous avez des difficult\u00e9s avec les cours de fran\u00e7ais et vous avez besoin d'une aide suppl\u00e9mentaire ? French Classes Online Voil\u00e0 propose des cours de tutorat de fran\u00e7ais et soutien scolaire pour vous aider \u00e0 ma\u00eetriser la langue et \u00e0 atteindre vos objectifs.<\/span><\/p>\n<\/div>\n<\/div>\n<p>[\/et_pb_text][et_pb_button button_text=&#8221;Book your Free Trial&#8221; _builder_version=&#8221;4.26.0&#8243; _module_preset=&#8221;default&#8221; custom_button=&#8221;on&#8221; button_text_color=&#8221;#FFFFFF&#8221; button_bg_color=&#8221;#fe5859&#8243; button_border_radius=&#8221;30px&#8221; button_font=&#8221;Roboto Flex||||||||&#8221; custom_margin=&#8221;0px||0px||false|false&#8221; global_colors_info=&#8221;{}&#8221; button_text__hover_enabled=&#8221;off|desktop&#8221; button_text__hover=&#8221;It&#8217;s free let&#8217;s go !&#8221; button_alignment=&#8221;left&#8221; button_alignment_tablet=&#8221;center&#8221; button_alignment_phone=&#8221;center&#8221; button_alignment_last_edited=&#8221;on|tablet&#8221; button_text_size=&#8221;17px&#8221; button_use_icon=&#8221;off&#8221; custom_padding=&#8221;10px|33px|11px|33px|false|false&#8221; box_shadow_style=&#8221;preset1&#8243; box_shadow_vertical=&#8221;0px&#8221; box_shadow_blur=&#8221;30px&#8221; box_shadow_color=&#8221;rgba(0,0,0,0.07)&#8221; button_letter_spacing__hover=&#8221;0px&#8221; button_letter_spacing__hover_enabled=&#8221;on|hover&#8221; hover_enabled=&#8221;0&#8243; sticky_enabled=&#8221;0&#8243;][\/et_pb_button][\/et_pb_column][et_pb_column type=&#8221;1_2&#8243; _builder_version=&#8221;4.19.5&#8243; _module_preset=&#8221;default&#8221; global_colors_info=&#8221;{}&#8221;][et_pb_image src=&#8221;https:\/\/frenchclassesonlinevoila.com\/wp-content\/uploads\/2024\/07\/School-1.png&#8221; title_text=&#8221;School&#8221; show_bottom_space=&#8221;off&#8221; align_tablet=&#8221;center&#8221; align_phone=&#8221;center&#8221; align_last_edited=&#8221;on|tablet&#8221; _builder_version=&#8221;4.26.0&#8243; _module_preset=&#8221;default&#8221; width_tablet=&#8221;90%&#8221; width_phone=&#8221;100%&#8221; width_last_edited=&#8221;on|phone&#8221; min_height_tablet=&#8221;&#8221; min_height_phone=&#8221;&#8221; min_height_last_edited=&#8221;on|tablet&#8221; hover_enabled=&#8221;0&#8243; border_radii=&#8221;on|12px|12px|12px|12px&#8221; global_colors_info=&#8221;{}&#8221; sticky_enabled=&#8221;0&#8243;][\/et_pb_image][\/et_pb_column][\/et_pb_row][\/et_pb_section][et_pb_section fb_built=&#8221;1&#8243; _builder_version=&#8221;4.19.5&#8243; _module_preset=&#8221;default&#8221; background_color=&#8221;#ebeef9&#8243; custom_padding=&#8221;||5%||false|false&#8221; global_colors_info=&#8221;{}&#8221;][et_pb_row column_structure=&#8221;1_2,1_2&#8243; _builder_version=&#8221;4.19.5&#8243; _module_preset=&#8221;default&#8221; width=&#8221;90%&#8221; max_width=&#8221;1270px&#8221; global_colors_info=&#8221;{}&#8221;][et_pb_column type=&#8221;1_2&#8243; _builder_version=&#8221;4.19.5&#8243; _module_preset=&#8221;default&#8221; global_colors_info=&#8221;{}&#8221;][et_pb_text _builder_version=&#8221;4.26.0&#8243; _module_preset=&#8221;default&#8221; header_2_font=&#8221;Inter Tight|600|||||||&#8221; header_2_text_align=&#8221;left&#8221; header_2_font_size=&#8221;36px&#8221; header_2_line_height=&#8221;1.3em&#8221; custom_margin=&#8221;||0px|||&#8221; hover_enabled=&#8221;0&#8243; header_2_font_size_tablet=&#8221;30px&#8221; header_2_font_size_phone=&#8221;30px&#8221; header_2_font_size_last_edited=&#8221;on|phone&#8221; global_colors_info=&#8221;{}&#8221; header_2_text_color=&#8221;#ff701e&#8221; sticky_enabled=&#8221;0&#8243;]<\/p>\n<h2><span>Les cours de fran\u00e7ais en ligne Voil\u00e0 peuvent aider votre enfant \u00e0 am\u00e9liorer ses notes<\/span><\/h2>\n<p>[\/et_pb_text][\/et_pb_column][et_pb_column type=&#8221;1_2&#8243; disabled_on=&#8221;on|on|off&#8221; _builder_version=&#8221;4.19.5&#8243; _module_preset=&#8221;default&#8221; global_colors_info=&#8221;{}&#8221;][\/et_pb_column][\/et_pb_row][et_pb_row column_structure=&#8221;1_2,1_4,1_4&#8243; use_custom_gutter=&#8221;on&#8221; gutter_width=&#8221;2&#8243; _builder_version=&#8221;4.19.5&#8243; _module_preset=&#8221;default&#8221; width=&#8221;90%&#8221; max_width=&#8221;1270px&#8221; global_colors_info=&#8221;{}&#8221;][et_pb_column type=&#8221;1_2&#8243; _builder_version=&#8221;4.19.5&#8243; _module_preset=&#8221;default&#8221; global_colors_info=&#8221;{}&#8221;][et_pb_image src=&#8221;https:\/\/frenchclassesonlinevoila.com\/wp-content\/uploads\/2023\/02\/logo-pirate-19.png&#8221; title_text=&#8221;logo pirate (19)&#8221; disabled_on=&#8221;on|on|off&#8221; _builder_version=&#8221;4.20.0&#8243; _module_preset=&#8221;default&#8221; custom_margin=&#8221;170px||170px||true|&#8221; animation_style=&#8221;fade&#8221; border_radii=&#8221;on|12px|12px|12px|12px&#8221; border_color_all=&#8221;#7c7c7c&#8221; box_shadow_style=&#8221;preset6&#8243; global_colors_info=&#8221;{}&#8221;][\/et_pb_image][\/et_pb_column][et_pb_column type=&#8221;1_4&#8243; _builder_version=&#8221;4.19.5&#8243; _module_preset=&#8221;default&#8221; global_colors_info=&#8221;{}&#8221;][et_pb_blurb title=&#8221;Customized Learning Approach&#8221; image=&#8221;https:\/\/frenchclassesonlinevoila.com\/wp-content\/uploads\/2023\/02\/logo-pirate-18-1.png&#8221; image_icon_width=&#8221;40%&#8221; icon_alignment=&#8221;left&#8221; _builder_version=&#8221;4.26.0&#8243; _module_preset=&#8221;default&#8221; header_font=&#8221;Inter Tight|600|||||||&#8221; header_font_size=&#8221;20px&#8221; body_font=&#8221;Inter Tight|300|||||||&#8221; body_text_color=&#8221;#000000&#8243; custom_padding=&#8221;10px|20px|20px|20px|false|true&#8221; child_filter_invert=&#8221;37%&#8221; animation_style=&#8221;slide&#8221; border_radii=&#8221;on|12px|12px|12px|12px&#8221; box_shadow_style=&#8221;preset3&#8243; box_shadow_color=&#8221;rgba(0,0,0,0.06)&#8221; global_colors_info=&#8221;{}&#8221; sticky_enabled=&#8221;0&#8243; background_color=&#8221;#FFFFFF&#8221; header_text_color=&#8221;#ff701e&#8221;]<\/p>\n<p><span>Nos tuteurs exp\u00e9riment\u00e9s et qualifi\u00e9s \u00e9valueront les forces et les faiblesses de votre enfant afin de cr\u00e9er un plan d'apprentissage personnalis\u00e9 qui r\u00e9ponde \u00e0 ses besoins individuels. <\/span><\/p>\n<p><span>En identifiant les domaines sp\u00e9cifiques qui ont besoin d'\u00eatre am\u00e9lior\u00e9s, nos tuteurs aideront votre enfant \u00e0 se concentrer sur ces domaines et \u00e0 d\u00e9velopper les comp\u00e9tences et les connaissances n\u00e9cessaires pour am\u00e9liorer ses notes.<\/span><\/p>\n<p>[\/et_pb_blurb][et_pb_blurb title=&#8221;Individual Attention and Support&#8221; image=&#8221;https:\/\/frenchclassesonlinevoila.com\/wp-content\/uploads\/2023\/02\/logo-pirate-17-1.png&#8221; image_icon_width=&#8221;40%&#8221; icon_alignment=&#8221;left&#8221; _builder_version=&#8221;4.20.0&#8243; _module_preset=&#8221;default&#8221; header_font=&#8221;Inter Tight|600|||||||&#8221; header_font_size=&#8221;20px&#8221; body_font=&#8221;Inter Tight|300|||||||&#8221; body_text_color=&#8221;#000000&#8243; custom_padding=&#8221;10px|20px|20px|20px|false|true&#8221; child_filter_invert=&#8221;37%&#8221; animation_style=&#8221;slide&#8221; border_radii=&#8221;on|12px|12px|12px|12px&#8221; box_shadow_style=&#8221;preset3&#8243; box_shadow_color=&#8221;rgba(0,0,0,0.06)&#8221; global_colors_info=&#8221;{}&#8221; background_color=&#8221;#FFFFFF&#8221; header_text_color=&#8221;#ff701e&#8221;]<\/p>\n<p><span>Chez French Classes Voil\u00e0, nous pensons que l'attention et le soutien individuels sont essentiels \u00e0 la r\u00e9ussite scolaire. C'est pourquoi nos classes sont de taille r\u00e9duite afin que chaque \u00e9l\u00e8ve re\u00e7oive une attention personnalis\u00e9e de la part de son tuteur. Nos tuteurs s'engagent \u00e0 soutenir votre enfant tout au long de son parcours d'apprentissage de la langue, en r\u00e9pondant \u00e0 ses questions et en lui fournissant des commentaires pour l'aider \u00e0 s'am\u00e9liorer. <\/span><\/p>\n<p>[\/et_pb_blurb][\/et_pb_column][et_pb_column type=&#8221;1_4&#8243; _builder_version=&#8221;4.19.5&#8243; _module_preset=&#8221;default&#8221; global_colors_info=&#8221;{}&#8221;][et_pb_blurb title=&#8221;Focus on Academic Success&#8221; image=&#8221;https:\/\/frenchclassesonlinevoila.com\/wp-content\/uploads\/2023\/02\/logo-pirate-16-1.png&#8221; image_icon_width=&#8221;40%&#8221; icon_alignment=&#8221;left&#8221; _builder_version=&#8221;4.20.0&#8243; _module_preset=&#8221;default&#8221; header_font=&#8221;Inter Tight|600|||||||&#8221; header_font_size=&#8221;20px&#8221; body_font=&#8221;Inter Tight|300|||||||&#8221; body_text_color=&#8221;#000000&#8243; custom_margin=&#8221;150px||||false|false&#8221; custom_margin_tablet=&#8221;150px||||false|false&#8221; custom_margin_phone=&#8221;0px||||false|false&#8221; custom_margin_last_edited=&#8221;on|phone&#8221; custom_padding=&#8221;10px|20px|20px|20px|false|true&#8221; child_filter_saturate=&#8221;80%&#8221; animation_style=&#8221;slide&#8221; border_radii=&#8221;on|12px|12px|12px|12px&#8221; box_shadow_style=&#8221;preset3&#8243; box_shadow_color=&#8221;rgba(0,0,0,0.06)&#8221; global_colors_info=&#8221;{}&#8221; background_enable_color=&#8221;off&#8221; header_text_color=&#8221;#7672e2&#8243;]<\/p>\n<p><span>Nos cours de fran\u00e7ais sont con\u00e7us pour favoriser la r\u00e9ussite scolaire. Nous fournissons un soutien scolaire dans diff\u00e9rents domaines, y compris la grammaire, la prononciation, le vocabulaire et la compr\u00e9hension. En se concentrant sur ces domaines cl\u00e9s, nos tuteurs aident les \u00e9tudiants \u00e0 construire une base solide qui favorisera leur r\u00e9ussite scolaire.\u00a0<\/span><\/p>\n<p>[\/et_pb_blurb][\/et_pb_column][\/et_pb_row][\/et_pb_section][et_pb_section fb_built=&#8221;1&#8243; _builder_version=&#8221;4.26.0&#8243; _module_preset=&#8221;default&#8221; background_color=&#8221;#4540e1&#8243; hover_enabled=&#8221;0&#8243; global_colors_info=&#8221;{}&#8221; title_text=&#8221;Corps&#8221; background_image=&#8221;https:\/\/frenchclassesonlinevoila.com\/wp-content\/uploads\/2024\/07\/Corps-1.png&#8221; sticky_enabled=&#8221;0&#8243;][et_pb_row _builder_version=&#8221;4.19.5&#8243; _module_preset=&#8221;default&#8221; global_colors_info=&#8221;{}&#8221;][et_pb_column type=&#8221;4_4&#8243; _builder_version=&#8221;4.19.5&#8243; _module_preset=&#8221;default&#8221; global_colors_info=&#8221;{}&#8221;][et_pb_image src=&#8221;https:\/\/frenchclassesonlinevoila.com\/wp-content\/uploads\/2023\/02\/logo-pirate-12-1.png&#8221; title_text=&#8221;logo pirate (12)&#8221; _builder_version=&#8221;4.20.0&#8243; _module_preset=&#8221;default&#8221; width=&#8221;14%&#8221; width_tablet=&#8221;30%&#8221; width_phone=&#8221;50%&#8221; width_last_edited=&#8221;on|phone&#8221; module_alignment=&#8221;center&#8221; animation_style=&#8221;bounce&#8221; global_colors_info=&#8221;{}&#8221;][\/et_pb_image][et_pb_text _builder_version=&#8221;4.19.5&#8243; _module_preset=&#8221;default&#8221; header_2_font=&#8221;Inter Tight|700|||||||&#8221; header_2_text_align=&#8221;left&#8221; header_2_text_color=&#8221;#FFFFFF&#8221; header_2_font_size=&#8221;50px&#8221; custom_margin=&#8221;||0px|||&#8221; header_2_font_size_tablet=&#8221;50px&#8221; header_2_font_size_phone=&#8221;35px&#8221; header_2_font_size_last_edited=&#8221;on|phone&#8221; global_colors_info=&#8221;{}&#8221;]<\/p>\n<h2 style=\"text-align: center;\">R\u00e9servez<span>\u00a0votre classe d'essai\u00a0<\/span>d\u00e8s maintenant !<\/h2>\n<p>[\/et_pb_text][et_pb_text _builder_version=&#8221;4.20.0&#8243; _module_preset=&#8221;default&#8221; text_font=&#8221;Inter Tight|300|||||||&#8221; text_text_color=&#8221;#FFFFFF&#8221; text_font_size=&#8221;19px&#8221; text_orientation=&#8221;center&#8221; width=&#8221;700px&#8221; module_alignment=&#8221;center&#8221; global_colors_info=&#8221;{}&#8221;]<\/p>\n<p><span>\u00cates-vous pr\u00eat \u00e0 passer \u00e0 la vitesse sup\u00e9rieure en ce qui concerne vos comp\u00e9tences en fran\u00e7ais ? Inscrivez-vous aux cours de fran\u00e7ais en ligne Voil\u00e0 d\u00e8s aujourd'hui et commencez \u00e0 pr\u00e9parer l'examen DELF en toute confiance. <\/span><\/p>\n<p>[\/et_pb_text][et_pb_button button_text=&#8221;I&#8217;m ready to start&#8221; button_alignment=&#8221;center&#8221; _builder_version=&#8221;4.26.0&#8243; _module_preset=&#8221;default&#8221; custom_button=&#8221;on&#8221; button_text_size=&#8221;17px&#8221; button_text_color=&#8221;#FFFFFF&#8221; button_bg_color=&#8221;#ff701e&#8221; button_border_radius=&#8221;30px&#8221; button_font=&#8221;Roboto Flex||||||||&#8221; custom_margin=&#8221;0px||0px||false|false&#8221; global_colors_info=&#8221;{}&#8221; button_alignment_tablet=&#8221;center&#8221; button_alignment_phone=&#8221;center&#8221; button_alignment_last_edited=&#8221;on|tablet&#8221; button_use_icon=&#8221;off&#8221; custom_padding=&#8221;10px|33px|11px|33px|false|false&#8221; box_shadow_style=&#8221;preset1&#8243; box_shadow_vertical=&#8221;0px&#8221; box_shadow_blur=&#8221;30px&#8221; box_shadow_color=&#8221;rgba(0,0,0,0.07)&#8221; button_letter_spacing__hover=&#8221;0px&#8221; button_letter_spacing__hover_enabled=&#8221;on|hover&#8221; button_bg_enable_color=&#8221;on&#8221; hover_enabled=&#8221;0&#8243; sticky_enabled=&#8221;0&#8243;][\/et_pb_button][\/et_pb_column][\/et_pb_row][\/et_pb_section][et_pb_section fb_built=&#8221;1&#8243; _builder_version=&#8221;4.19.5&#8243; _module_preset=&#8221;default&#8221; background_color=&#8221;#fafafc&#8221; custom_padding=&#8221;41px|||||&#8221; locked=&#8221;off&#8221; global_colors_info=&#8221;{}&#8221;][et_pb_row custom_padding_last_edited=&#8221;on|phone&#8221; _builder_version=&#8221;4.26.0&#8243; _module_preset=&#8221;default&#8221; background_color=&#8221;#4540E1&#8243; width_tablet=&#8221;&#8221; width_phone=&#8221;90%&#8221; width_last_edited=&#8221;on|phone&#8221; max_width_tablet=&#8221;&#8221; max_width_phone=&#8221;90%&#8221; max_width_last_edited=&#8221;on|phone&#8221; custom_margin=&#8221;130px||130px||false|false&#8221; custom_margin_tablet=&#8221;130px||130px||false|false&#8221; custom_margin_phone=&#8221;60px||60px||false|false&#8221; custom_margin_last_edited=&#8221;on|phone&#8221; custom_padding=&#8221;55px|50px|55px|50px|true|true&#8221; custom_padding_tablet=&#8221;55px|50px|55px|50px|true|true&#8221; custom_padding_phone=&#8221;55px|10px|55px|10px|true|true&#8221; hover_enabled=&#8221;0&#8243; border_radii=&#8221;on|12px|12px|12px|12px&#8221; box_shadow_style=&#8221;preset3&#8243; locked=&#8221;off&#8221; global_colors_info=&#8221;{}&#8221; title_text=&#8221;5&#8243; background_image=&#8221;https:\/\/frenchclassesonlinevoila.com\/wp-content\/uploads\/2024\/06\/5.png&#8221; sticky_enabled=&#8221;0&#8243;][et_pb_column type=&#8221;4_4&#8243; _builder_version=&#8221;4.19.5&#8243; _module_preset=&#8221;default&#8221; global_colors_info=&#8221;{}&#8221;][et_pb_text _builder_version=&#8221;4.20.0&#8243; _module_preset=&#8221;default&#8221; header_2_font=&#8221;Inter Tight|700|||||||&#8221; header_2_text_align=&#8221;center&#8221; header_2_text_color=&#8221;#FFFFFF&#8221; header_2_font_size=&#8221;35px&#8221; custom_margin=&#8221;||40px||false|false&#8221; animation_style=&#8221;bounce&#8221; header_2_font_size_tablet=&#8221;50px&#8221; header_2_font_size_phone=&#8221;30px&#8221; header_2_font_size_last_edited=&#8221;on|phone&#8221; header_2_line_height_tablet=&#8221;&#8221; header_2_line_height_phone=&#8221;1.2em&#8221; header_2_line_height_last_edited=&#8221;on|phone&#8221; global_colors_info=&#8221;{}&#8221;]<\/p>\n<h2><span>FAQ : Soutien scolaire en ligne en fran\u00e7ais<\/span><\/h2>\n<p>[\/et_pb_text][et_pb_accordion closed_toggle_background_color=&#8221;#ebeef9&#8243; toggle_icon=&#8221;&#x50;||divi||400&#8243; icon_color=&#8221;#7D7BE0&#8243; use_icon_font_size=&#8221;on&#8221; icon_font_size=&#8221;25px&#8221; _builder_version=&#8221;4.20.0&#8243; _module_preset=&#8221;default&#8221; toggle_font=&#8221;Inter Tight|500|||||||&#8221; toggle_font_size=&#8221;20px&#8221; body_font=&#8221;Inter Tight||||||||&#8221; custom_margin=&#8221;||||false|false&#8221; custom_padding=&#8221;||||false|false&#8221; border_radii=&#8221;on|12px|12px|12px|12px&#8221; border_color_all=&#8221;#000000&#8243; global_colors_info=&#8221;{}&#8221;][et_pb_accordion_item title=&#8221;1. What is French academic support&#8221; open=&#8221;on&#8221; _builder_version=&#8221;4.20.0&#8243; _module_preset=&#8221;default&#8221; custom_margin=&#8221;||15px||false|false&#8221; custom_padding=&#8221;||||false|false&#8221; global_colors_info=&#8221;{}&#8221;]<\/p>\n<p><span>Le soutien scolaire en fran\u00e7ais est un service con\u00e7u pour aider les \u00e9tudiants qui ont des difficult\u00e9s avec les cours de fran\u00e7ais. Il offre aux \u00e9tudiants des plans d'apprentissage personnalis\u00e9s et des sessions individuelles avec des tuteurs fran\u00e7ais exp\u00e9riment\u00e9s qui peuvent les aider \u00e0 am\u00e9liorer leur grammaire, leur prononciation, leur vocabulaire et leur compr\u00e9hension.<\/span><\/p>\n<p>[\/et_pb_accordion_item][et_pb_accordion_item title=&#8221;2. What age groups can benefit from French academic support?&#8221; icon_color=&#8221;#4540E1&#8243; _builder_version=&#8221;4.20.0&#8243; _module_preset=&#8221;default&#8221; custom_margin=&#8221;||15px||false|false&#8221; custom_padding=&#8221;||||false|false&#8221; global_colors_info=&#8221;{}&#8221; open=&#8221;off&#8221;]<\/p>\n<p><span>Le soutien scolaire en fran\u00e7ais est disponible pour les \u00e9tudiants de tous \u00e2ges, de l'\u00e9cole primaire \u00e0 l'universit\u00e9. Nous proposons des cours pour les enfants, les adolescents et les adultes.<\/span><\/p>\n<p>[\/et_pb_accordion_item][et_pb_accordion_item title=&#8221;3. What are the benefits of French academic support?&#8221; icon_color=&#8221;#4540E1&#8243; _builder_version=&#8221;4.20.0&#8243; _module_preset=&#8221;default&#8221; custom_margin=&#8221;||15px||false|false&#8221; custom_padding=&#8221;||||false|false&#8221; global_colors_info=&#8221;{}&#8221; open=&#8221;off&#8221;]<\/p>\n<p><span>Le soutien scolaire en fran\u00e7ais peut aider les \u00e9tudiants \u00e0 am\u00e9liorer leurs notes et leur confiance en eux \u00e0 l'\u00e9cole. Nos tuteurs exp\u00e9riment\u00e9s travaillent avec chaque \u00e9l\u00e8ve pour identifier leurs besoins d'apprentissage uniques et cr\u00e9er un plan d'apprentissage personnalis\u00e9 pour am\u00e9liorer leurs comp\u00e9tences en fran\u00e7ais. Avec notre soutien, les \u00e9tudiants peuvent mieux comprendre la grammaire, le vocabulaire et la prononciation fran\u00e7aise, ce qui peut conduire \u00e0 une am\u00e9lioration des performances en cours de fran\u00e7ais et dans les devoirs.<\/span><\/p>\n<p>[\/et_pb_accordion_item][et_pb_accordion_item title=&#8221;4. How can French academic support help with homework?&#8221; icon_color=&#8221;#4540E1&#8243; _builder_version=&#8221;4.20.0&#8243; _module_preset=&#8221;default&#8221; custom_margin=&#8221;||15px||false|false&#8221; custom_padding=&#8221;||||false|false&#8221; global_colors_info=&#8221;{}&#8221; open=&#8221;off&#8221;]<\/p>\n<p><span>Notre service de soutien scolaire en fran\u00e7ais offre aux \u00e9tudiants une attention individuelle pour les aider \u00e0 mieux comprendre leurs devoirs. Nos tuteurs exp\u00e9riment\u00e9s peuvent expliquer des concepts complexes et aider les \u00e9tudiants \u00e0 faire leurs devoirs, ce qui peut conduire \u00e0 une am\u00e9lioration des performances scolaires et des notes.<\/span><\/p>\n<p>[\/et_pb_accordion_item][et_pb_accordion_item title=&#8221;5. How can French academic support improve my child&#8217;s self-confidence to speak French in school?&#8221; icon_color=&#8221;#4540E1&#8243; _builder_version=&#8221;4.20.0&#8243; _module_preset=&#8221;default&#8221; custom_margin=&#8221;||15px||false|false&#8221; custom_padding=&#8221;||||false|false&#8221; global_colors_info=&#8221;{}&#8221; open=&#8221;off&#8221;]<\/p>\n<p><span>Nos sessions individuelles avec des tuteurs fran\u00e7ais exp\u00e9riment\u00e9s peuvent aider les \u00e9tudiants \u00e0 se sentir plus confiants dans leurs comp\u00e9tences en fran\u00e7ais. Gr\u00e2ce \u00e0 une attention personnalis\u00e9e, les \u00e9tudiants peuvent renforcer leur confiance en eux et s'entra\u00eener \u00e0 parler fran\u00e7ais dans un environnement favorable et encourageant. Cela peut conduire \u00e0 une am\u00e9lioration des performances en cours de fran\u00e7ais et \u00e0 une plus grande confiance en soi pour participer aux discussions et aux activit\u00e9s de la classe.<\/span><\/p>\n<p>[\/et_pb_accordion_item][\/et_pb_accordion][\/et_pb_column][\/et_pb_row][\/et_pb_section]<\/p>","protected":false},"excerpt":{"rendered":"<p>French Tutoring and Academic Support Are you struggling with French language classes and need some extra help? French Classes Online Voil\u00e0 offers French tutoring classes and academic support to help you master the language and achieve your goals. French Classes Online Voil\u00e0 Can Help Your Child Improve Their GradesOur experienced and qualified tutors will assess [&hellip;]<\/p>","protected":false},"author":1,"featured_media":0,"parent":0,"menu_order":0,"comment_status":"closed","ping_status":"closed","template":"","meta":{"_et_pb_use_builder":"on","_et_pb_old_content":"<!-- wp:divi\/placeholder \/-->","_et_gb_content_width":"","_mi_skip_tracking":false,"footnotes":""},"class_list":["post-1670","page","type-page","status-publish","hentry"],"_links":{"self":[{"href":"https:\/\/frenchclassesonlinevoila.com\/fr\/wp-json\/wp\/v2\/pages\/1670","targetHints":{"allow":["GET"]}}],"collection":[{"href":"https:\/\/frenchclassesonlinevoila.com\/fr\/wp-json\/wp\/v2\/pages"}],"about":[{"href":"https:\/\/frenchclassesonlinevoila.com\/fr\/wp-json\/wp\/v2\/types\/page"}],"author":[{"embeddable":true,"href":"https:\/\/frenchclassesonlinevoila.com\/fr\/wp-json\/wp\/v2\/users\/1"}],"replies":[{"embeddable":true,"href":"https:\/\/frenchclassesonlinevoila.com\/fr\/wp-json\/wp\/v2\/comments?post=1670"}],"version-history":[{"count":8,"href":"https:\/\/frenchclassesonlinevoila.com\/fr\/wp-json\/wp\/v2\/pages\/1670\/revisions"}],"predecessor-version":[{"id":89254,"href":"https:\/\/frenchclassesonlinevoila.com\/fr\/wp-json\/wp\/v2\/pages\/1670\/revisions\/89254"}],"wp:attachment":[{"href":"https:\/\/frenchclassesonlinevoila.com\/fr\/wp-json\/wp\/v2\/media?parent=1670"}],"curies":[{"name":"wp","href":"https:\/\/api.w.org\/{rel}","templated":true}]}}